{"id":2,"date":"2013-09-21T21:35:03","date_gmt":"2013-09-21T21:35:03","guid":{"rendered":"http:\/\/www.fluxnumerique.fr\/?page_id=2"},"modified":"2022-08-17T09:46:52","modified_gmt":"2022-08-17T08:46:52","slug":"sample-page","status":"publish","type":"page","link":"https:\/\/www.fluxnumerique.fr\/?page_id=2","title":{"rendered":"Qui suis-je ?"},"content":{"rendered":"<p>Un directeur technique et informaticien, qui cherche \u00e0 d\u00e9velopper des solutions utiles, pratiques, simples, maintenables, efficaces,\u00a0 performantes et \u00e0 co\u00fbts maitris\u00e9s.<\/p>\n<p>Passionn\u00e9 par les technologies du Web, les technologies multim\u00e9dia, dot\u00e9 d&rsquo;une bonne expertise R&amp;D et proche des besoins m\u00e9tier, j&rsquo;ai \u00e9t\u00e9 amen\u00e9 \u00e0 piloter de nombreux projets Agiles impliquant le traitement de donn\u00e9es multim\u00e9dia et semi-structur\u00e9es sur des architectures SQL et NoSQL.<\/p>\n<p>Ma <a href=\"https:\/\/fr.linkedin.com\/in\/laurentlemeur\">page linkedin <\/a>vous donnera un aper\u00e7u d\u00e9taill\u00e9 de pr\u00e8s de 40 ans pass\u00e9s \u00e0 d\u00e9velopper des solutions informatiques innovantes,<\/p>\n<ul>\n<li>pour l&rsquo;Agence France Presse comme d\u00e9veloppeur, puis responsable du M\u00e9dialab,<\/li>\n<li>pour AlloCin\u00e9 comme Directeur\u00a0des \u00c9tudes chez un pur player Web,<\/li>\n<li>pour UniversCin\u00e9 comme consultant pour\u00a0la refonte compl\u00e8te d&rsquo;une plateforme de\u00a0Vid\u00e9o \u00e0 la Demande,<\/li>\n<li>pour EDRLab comme Directeur Technique, impliqu\u00e9 dans de nombreux projets innovants ayant trait au d\u00e9veloppement du livre num\u00e9rique en Europe.<\/li>\n<\/ul>\n<p>Au fait, pourquoi<i> Flux Num\u00e9rique<\/i> ? \u00e0 la fois parce que le coeur d&rsquo;une solution logicielle moderne est constitu\u00e9 des flux de donn\u00e9es qui la nourrissent et qu&rsquo;elle produit, mais aussi parce qu&rsquo;au coeur du m\u00e9tier de consultant, on trouve la maitrise des flux d\u2019information parcourant les diff\u00e9rents m\u00e9tiers de l&rsquo;entreprise.<\/p>\n<p>Bien cordialement,<\/p>\n<p><em>Laurent Le Meur<\/em><\/p>\n","protected":false},"excerpt":{"rendered":"<p>Un directeur technique et informaticien, qui cherche \u00e0 d\u00e9velopper des solutions utiles, pratiques, simples, maintenables, efficaces,\u00a0 performantes et \u00e0 co\u00fbts maitris\u00e9s. Passionn\u00e9 par les technologies du Web, les technologies multim\u00e9dia, dot\u00e9 d&rsquo;une bonne expertise R&amp;D et proche des besoins m\u00e9tier, j&rsquo;ai \u00e9t\u00e9 amen\u00e9 \u00e0 piloter de nombreux projets Agiles impliquant le traitement de donn\u00e9es multim\u00e9dia&hellip;<\/p>\n","protected":false},"author":1,"featured_media":13,"parent":0,"menu_order":0,"comment_status":"closed","ping_status":"open","template":"","meta":{"footnotes":""},"class_list":["post-2","page","type-page","status-publish","has-post-thumbnail","hentry"],"_links":{"self":[{"href":"https:\/\/www.fluxnumerique.fr\/index.php?rest_route=\/wp\/v2\/pages\/2","targetHints":{"allow":["GET"]}}],"collection":[{"href":"https:\/\/www.fluxnumerique.fr\/index.php?rest_route=\/wp\/v2\/pages"}],"about":[{"href":"https:\/\/www.fluxnumerique.fr\/index.php?rest_route=\/wp\/v2\/types\/page"}],"author":[{"embeddable":true,"href":"https:\/\/www.fluxnumerique.fr\/index.php?rest_route=\/wp\/v2\/users\/1"}],"replies":[{"embeddable":true,"href":"https:\/\/www.fluxnumerique.fr\/index.php?rest_route=%2Fwp%2Fv2%2Fcomments&post=2"}],"version-history":[{"count":11,"href":"https:\/\/www.fluxnumerique.fr\/index.php?rest_route=\/wp\/v2\/pages\/2\/revisions"}],"predecessor-version":[{"id":253,"href":"https:\/\/www.fluxnumerique.fr\/index.php?rest_route=\/wp\/v2\/pages\/2\/revisions\/253"}],"wp:featuredmedia":[{"embeddable":true,"href":"https:\/\/www.fluxnumerique.fr\/index.php?rest_route=\/wp\/v2\/media\/13"}],"wp:attachment":[{"href":"https:\/\/www.fluxnumerique.fr\/index.php?rest_route=%2Fwp%2Fv2%2Fmedia&parent=2"}],"curies":[{"name":"wp","href":"https:\/\/api.w.org\/{rel}","templated":true}]}}